{"id":136,"date":"2015-12-06T22:46:34","date_gmt":"2015-12-06T22:46:34","guid":{"rendered":"http:\/\/www.martiniforpm.com\/fr\/?page_id=136"},"modified":"2015-12-07T04:34:04","modified_gmt":"2015-12-07T04:34:04","slug":"don","status":"publish","type":"page","link":"http:\/\/www.martiniforpm.com\/fr\/don\/","title":{"rendered":"Faites Un Don"},"content":{"rendered":"<p>Remarque: Vous faites un don \u00e0 Anthony Martini personnellement.<\/p>\n<p>Vous ne faites Pas un don \u00e0 une organisation politique ou un parti politique.<\/p>\n<p>Il n&#8217;y a pas de re\u00e7us d&#8217;imp\u00f4t donn\u00e9.<\/p>\n<p>Le Gouvernement F\u00e9d\u00e9ral Canadien et le Gouvernement Provincial du Canada ont refus\u00e9 de me donner Anthony Martini et ma femme Annette Martini n&#8217;importe quel identification D&#8217;AUCUNE SORTE, Y compris le M\u00e9dical Provincial, Permis de Conduire, le SIN et des passeports depuis le jour o\u00f9 nous avons \u00e9t\u00e9 forc\u00e9s de retourner au Canada le mercredi, 18 Septembre, 2013 par les ordres de l&#8217;ancien Premier Ministre du Canada Stephen Harper et par l&#8217;ancien Ministre des Affaires \u00c9trang\u00e8res, John Baird.<\/p>\n<p>La derni\u00e8re fois que j&#8217;ai conseill\u00e9 tous les Partis Politiques que je cr\u00e9ais mon propre Parti Politique c&#8217;est alors que la pers\u00e9cution a intensifi\u00e9e pour m&#8217;emp\u00eacher de former une telle Parti Politique r\u00e9ussie pour tous les Canadiens \u00e0 \u00eatre fiers.<\/p>\n<p>Assistez- moi en faisant un don \u00e0 moi personnellement et non \u00e0 un Parti Politique.<\/p>\n<p>Une fois que le Canada et le Gouvernement Provincial m&#8217;\u00e9met l&#8217;identification appropri\u00e9e alors je vais former un Parti Politique NOUVEAU pour servir tous les Canadiens et pas de groupes d&#8217;int\u00e9r\u00eat.<\/p>\n<p><center><b>S&#8217;IL VOUS PLA\u00ceT faites un don d\u00e8s aujourd&#8217;hui!<\/b><\/center><\/p>\n<p><center><div id=\"accept_paypal_payment_form\"><form action=\"https:\/\/www.paypal.com\/cgi-bin\/webscr\" method=\"post\" class=\"wp_accept_pp_button_form_classic\"><input type=\"hidden\" name=\"cmd\" value=\"_xclick\" \/><input type=\"hidden\" name=\"business\" value=\"donations@martiniforpm.com\" \/><input type=\"hidden\" name=\"item_name\" value=\"Don\" \/><input type=\"hidden\" name=\"currency_code\" value=\"CAD\" \/><div class=\"wpapp_payment_subject\"><span class=\"payment_subject\"><strong>Don<\/strong><\/span><\/div><select id=\"amount\" name=\"amount\" class=\"\"><option value=\"10\">Don - $10<\/option><option value=\"20\">Don - $20<\/option><option value=\"30\">Don - $30<\/option><\/select><div class=\"wpapp_other_amount_label\"><strong>Other Amount:<\/strong><\/div><div class=\"wpapp_other_amount_input\"><input type=\"number\" min=\"1\" step=\"any\" name=\"other_amount\" title=\"Other Amount\" value=\"\" class=\"wpapp_other_amt_input\" style=\"max-width:80px;\" \/><\/div><div class=\"wpapp_ref_title_label\"><strong>Votre adresse courriel:<\/strong><\/div><input type=\"hidden\" name=\"on0\" value=\"Reference\" \/><div class=\"wpapp_ref_value\"><input type=\"text\" name=\"os0\" maxlength=\"60\" value=\"\" class=\"wp_pp_button_reference\" \/><\/div><input type=\"hidden\" name=\"no_shipping\" value=\"0\" \/><input type=\"hidden\" name=\"no_note\" value=\"1\" \/><input type=\"hidden\" name=\"bn\" value=\"TipsandTricks_SP\" \/><input type=\"hidden\" name=\"return\" value=\"http:\/\/www.martiniforpm.com\/fr\" \/><div class=\"wpapp_payment_button\"><input type=\"image\" src=\"https:\/\/www.paypal.com\/en_US\/i\/btn\/x-click-but11.gif\" name=\"submit\" alt=\"Make payments with payPal - it's fast, free and secure!\" \/><\/div><\/form><\/div><script type=\"text\/javascript\">\njQuery(document).ready(function($) {\n    $('.wp_accept_pp_button_form_classic').submit(function(e){\n        var form_obj = $(this);\n        var other_amt = form_obj.find('input[name=other_amount]').val();\n        if (!isNaN(other_amt) && other_amt.length > 0){\n            options_val = other_amt;\n            \/\/insert the amount field in the form with the custom amount\n            $('<input>').attr({\n                type: 'hidden',\n                id: 'amount',\n                name: 'amount',\n                value: options_val\n            }).appendTo(form_obj);\n        }\t\t\n        return;\n    });\n});\n<\/script><\/center><br \/>\n<center><?php echo Paypal_payment_accept(); ?><\/center><\/p>\n","protected":false},"excerpt":{"rendered":"<p>Remarque: Vous faites un don \u00e0 Anthony Martini personnellement. Vous ne faites Pas un don \u00e0 une organisation politique ou un parti politique. Il n&#8217;y a pas de re\u00e7us d&#8217;imp\u00f4t donn\u00e9. Le Gouvernement F\u00e9d\u00e9ral Canadien et le Gouvernement Provincial du Canada ont refus\u00e9 de me donner Anthony Martini et ma femme Annette Martini n&#8217;importe quel [&hellip;]<\/p>\n","protected":false},"author":1,"featured_media":0,"parent":0,"menu_order":0,"comment_status":"closed","ping_status":"closed","template":"","meta":{"footnotes":""},"class_list":["post-136","page","type-page","status-publish","hentry","post"],"_links":{"self":[{"href":"http:\/\/www.martiniforpm.com\/fr\/wp-json\/wp\/v2\/pages\/136","targetHints":{"allow":["GET"]}}],"collection":[{"href":"http:\/\/www.martiniforpm.com\/fr\/wp-json\/wp\/v2\/pages"}],"about":[{"href":"http:\/\/www.martiniforpm.com\/fr\/wp-json\/wp\/v2\/types\/page"}],"author":[{"embeddable":true,"href":"http:\/\/www.martiniforpm.com\/fr\/wp-json\/wp\/v2\/users\/1"}],"replies":[{"embeddable":true,"href":"http:\/\/www.martiniforpm.com\/fr\/wp-json\/wp\/v2\/comments?post=136"}],"version-history":[{"count":7,"href":"http:\/\/www.martiniforpm.com\/fr\/wp-json\/wp\/v2\/pages\/136\/revisions"}],"predecessor-version":[{"id":148,"href":"http:\/\/www.martiniforpm.com\/fr\/wp-json\/wp\/v2\/pages\/136\/revisions\/148"}],"wp:attachment":[{"href":"http:\/\/www.martiniforpm.com\/fr\/wp-json\/wp\/v2\/media?parent=136"}],"curies":[{"name":"wp","href":"https:\/\/api.w.org\/{rel}","templated":true}]}}