{"id":48,"date":"2015-11-15T01:24:34","date_gmt":"2015-11-15T01:24:34","guid":{"rendered":"http:\/\/www.martiniforpm.com\/fr\/?page_id=48"},"modified":"2015-11-16T01:02:00","modified_gmt":"2015-11-16T01:02:00","slug":"a-propos-de-moi","status":"publish","type":"page","link":"http:\/\/www.martiniforpm.com\/fr\/a-propos-de-moi\/","title":{"rendered":"A Propos De Moi"},"content":{"rendered":"<p>Je commence un Parti Politique Nouveau pour un Nouveau Canada.<\/p>\n<p>Il y a plusieurs ann\u00e9es j&#8217;ai vot\u00e9 pour les Lib\u00e9raux et les Conservateurs puis le NDP et pour quoi? <\/p>\n<p>J&#8217;ai vot\u00e9 pour les Politiciens corrompus que je ne savais pas \u00e9taient corrompus.<\/p>\n<p>J&#8217;ai \u00e9galement soutenu le Mouvement de la S\u00e9paration du Qu\u00e9bec dans mes jeunes ann\u00e9es et pour cela le Gouvernement F\u00e9d\u00e9ral m&#8217;a pers\u00e9cut\u00e9 sans fin.<\/p>\n<p>Quand j&#8217;\u00e9tais un \u00c9crivain Politique et un Journaliste je fus attaqu\u00e9 par les m\u00eames Politiciens que j&#8217;ai vot\u00e9 pour. J&#8217;ai plus tard d\u00e9couvert que la Libert\u00e9 d&#8217;Expression n&#8217;existe pas au Canada et que la Libert\u00e9 d&#8217;Expression est contr\u00f4l\u00e9e par les m\u00eames criminels, que nous avons mis au pouvoir.<\/p>\n<p>Les m\u00eames Politiciens Criminelles ont continu\u00e9 leur qu\u00eate de vengeance contre moi non seulement pour une journ\u00e9e ou une semaine ou un mois mais cette Pers\u00e9cution Politique Ill\u00e9gale a continu\u00e9 pendant des d\u00e9cennies et des d\u00e9cennies et des d\u00e9cennies.<\/p>\n<p>Dans le d\u00e9but des ann\u00e9es 90&#8217;s avant l&#8217;Internet quand j&#8217;ai annonc\u00e9 que j&#8217;allais devenir un Candidat pour  Premier Ministre du Canada alors j&#8217;\u00e9tait r\u00e9guli\u00e8rement battus avec brutalit\u00e9s par la GRC et les services de police locaux sur les ordres des premiers Ministres du Canada pr\u00e9c\u00e9dents.<\/p>\n<p>On m&#8217;a Faussement Accus\u00e9 comme nulle autre.<\/p>\n<p>Il est \u00e9tonnant de voir combien de mensonges un Employ\u00e9 du Gouvernement Corrompu ou un Officier de Police corrompu sale, soudoyer, peuvent faire en entrant des mensonges sur un Ordinateur au sujet d&#8217;un Candidat Politique comme moi.<\/p>\n<p>J&#8217;ai endur\u00e9 coups apr\u00e8s coups de brutalit\u00e9s et de tentatives de meurtre apr\u00e8s tentatives de meurtre qui a \u00e9t\u00e9 ordonn\u00e9e par les Premiers Ministres et Politiciens pr\u00e9c\u00e9dents.<\/p>\n<p>Tous les os de mon corps a \u00e9t\u00e9 bris\u00e9 par la Police qui a jur\u00e9 de Prot\u00e9ger et Servir. Mais la question est, QUI ont-ils jurer de Prot\u00e9ger et Servir? Ce n&#8217;\u00e9tait s\u00fbrement pas les Canadiens ordinaires et ce  n&#8217;\u00e9tait pas un Candidat Politique, dont j&#8217;\u00e9tais \u00e0 l&#8217;\u00e9poque.<\/p>\n<p>Ma femme Annette et moi avons fui le Canada en 2002 pour rester en vie. Nous avons fui aux \u00c9tats-Unis avec la permission de &#8220;La Maison Blanche&#8221; (THE WHITE HOUSE) et l&#8217;autorisation de l&#8217;ancien Pr\u00e9sident George W. Bush.<\/p>\n<p>Nous avons \u00e9t\u00e9 forc\u00e9s de vivre dans notre voiture pour 4 ans parce que le Gouvernement Am\u00e9ricain ont refus\u00e9 de nous aider. OUI, mes concitoyens, nous avons souffert comme nulle autre.<\/p>\n<p>Peut-\u00eatre c&#8217;\u00e9tait une fa\u00e7on que Dieu voulait me montrer ce que d&#8217;autres ont souffert. Peut-\u00eatre c&#8217;\u00e9tait la fa\u00e7on dont Dieu me montrait que d&#8217;autres Canadiens ont \u00e9t\u00e9 pers\u00e9cut\u00e9s par les Tribunaux, les Gouvernements Provinciaux, les Gouvernements F\u00e9d\u00e9ral ou par la Police sale Corrompu.<\/p>\n<p>J&#8217;ai tout vu et j&#8217;ai tout v\u00e9cu.<\/p>\n<p>Une tentative d&#8217;assassinat sur ma vie qui a \u00e9t\u00e9 caus\u00e9 par 3 membres de la GRC et 1 Policier de la ville m&#8217;a laiss\u00e9 pour mort. J&#8217;avais tous les os de mon corps bris\u00e9 par les ordres d&#8217;un ancien Premier Ministre du Canada.<\/p>\n<p>J&#8217;ai vu des tribunaux corrompus et des juges corrompu  tout sur la prise, ordonn\u00e9 de me d\u00e9truire, comme nulle autre.<\/p>\n<p>J&#8217;ai \u00e9t\u00e9 laiss\u00e9 \u00e0 mourir par mon propre Gouvernement. OUI, je parle du Gouvernement Canadien.<\/p>\n<p>Ma femme Annette et moi sont heureusement mari\u00e9 depuis 17 ans et parce que ma belle femme m&#8217;a mari\u00e9e, elle est aussi devenue un Cible Politique.<\/p>\n<p>J&#8217;ai marcher dans les traces de nombreuses personnes.<\/p>\n<p>Annette Martini, ma belle femme et moi, avons v\u00e9cu l\u00e9galement aux \u00c9tats-Unis d&#8217;Am\u00e9rique depuis plus de 11 ans.<\/p>\n<p>Oui, les Politiciens Canadiens et la GRC ne nous avons pas oubliez et ils ont travaill\u00e9 avec le Gouvernement Am\u00e9ricain pour nous forcer \u00e0 revenir au Canada pour m&#8217;\u00e9craser.<\/p>\n<p>Ai-je devenu fou vous avez demand\u00e9? Pas du tout. J&#8217;ai les preuve.<\/p>\n<p>L&#8217;ancien Premier Ministre Stephen Harper a travaill\u00e9 ill\u00e9galement avec le Gouvernement des \u00c9tats-Unis pour nous forcer \u00e0 revenir au Canada. MAIS POUR QUOI?<\/p>\n<p>Le 23 Octobre, 2012 Annette et moi ont \u00e9t\u00e9 kidnapp\u00e9s de la Californie et j&#8217;ai \u00e9t\u00e9 emmen\u00e9 au Haut D\u00e9sert (High Desert) et physiquement tortur\u00e9 pendant une ann\u00e9e enti\u00e8re. J&#8217;ai souffert mon 5\u00e8me Crise Cardiaque par mes kidnappeurs qui \u00e9taient des employ\u00e9s corrompus du Gouvernement Am\u00e9ricains.<\/p>\n<p>Le 18 Septembre 2013, nous avons \u00e9t\u00e9 forc\u00e9s de retour au Canada, menottes aux poignets et l&#8217;ancien Premier Ministre du Canada, Stephen Harper et l&#8217;ancien Ministre des Affaires \u00e9trang\u00e8res John Baird nous a ordonn\u00e9 de retour au Canada contre notre volont\u00e9.<\/p>\n<p>On m&#8217;a promis que je ne serais pas Politiquement Pers\u00e9cut\u00e9 \u00e0 nouveau et qu&#8217;aucun mal ne viendra \u00e0 ma femme Annette et moi.<\/p>\n<p>On m&#8217;a \u00e9galement promis que le Canada donnera \u00e0 ma femme Annette Martini et moi, tous nos Papiers d&#8217;Identit\u00e9, y compris un Passeport, SIN, Permis de Conduire et la Carte M\u00e9dicale.<\/p>\n<p>Bien, pour \u00eatre honn\u00eate avec tous les concitoyens Canadiens, je n&#8217;ai jamais rencontr\u00e9 un Politicien Honn\u00eate au Canada et ceci est la vraie v\u00e9rit\u00e9.<\/p>\n<p>Plus de 2 ans plus tard, Canada refuse de nous \u00e9mettre des Identifications, aucun Passeports, aucun Permis de Conduire, aucun Identifications Photos de toute nature et la Province nous a refus\u00e9 9 fois de nous donner toute Couverture M\u00e9dicale de toute sorte.<\/p>\n<p>J&#8217;ai pr\u00e9venu l&#8217;ancien Ministre des Affaires \u00e9trang\u00e8res que je vais courir pour le Premier Ministre et maintenant c&#8217;est Officiel.<\/p>\n<p>Au cours des prochains mois, je vais mettre en place un Nouveau Parti Politique au Canada et OUI, je Anthony Martini sera Chef et Dirigeant de ce Nouveau Parti Politique.<\/p>\n<p>Je suis surqualifi\u00e9s pour \u00eatre un Premier Ministre et il y aura beaucoup de Nouveaux Changements au Canada et tout pour le bien.<\/p>\n<p>Example, d&#8217;autres changements seront de rompre totalement loin du Royaume-Uni, ou la Grande-Bretagne, ou en l&#8217;Angleterre ou quelle que soit leur nom \u00e0 l&#8217;avenir.<\/p>\n<p>Une Rupture Totale loin de la Reine.<\/p>\n<p>Alors que de nombreux Canadiens se souvien de l&#8217;ancien Premier Ministre Pierre Trudeau qui nous a donn\u00e9 EXPO 67 et ont pens\u00e9e que nous avons finalement rompu avec l&#8217;Angleterre, bien, disons que Pierre Elliot Trudeau a menti \u00e0 tous les Canadiens.<\/p>\n<p>En tant que Premier Ministre du Canada, je vais retirer la Reine de notre devise et Monnaie Canadienne rempla\u00e7ant son visage avec les visages de nos Premiers Ministres.<\/p>\n<p>En tant que Premier Ministre du Canada, je ram\u00e8nerai les sous et je vais \u00e9galement remplacer notre argent plastique Cartoon avec le monnaie papier.<\/p>\n<p>En tant que Premier Ministre du Canada, je ferai en sorte que chaque Canadien a un EMPLOI.<\/p>\n<p>En tant que Premier Ministre du Canada, je ferai en sorte que toute Loi au Canada est r\u00e9-\u00e9crit pour prot\u00e9ger tous les Canadiens. Je ferai en sorte que les criminels qui enfreignent nos lois sont s\u00e9v\u00e8rement punis avec de plus longues Peines d&#8217;Emprisonnement.<\/p>\n<p>En tant que Premier Ministre du Canada, je vais \u00e9tiqueter le Mouvement des Femmes au Canada comme une Organisation Terroriste qui font plus de mal \u00e0 nos enfants et aux P\u00e8res Innocent et je vais abolir le Mouvement des Femmes au Canada.<\/p>\n<p>Toute m\u00e8re qui a kidnapp\u00e9 ou kidnappe leur enfant sera arr\u00eat\u00e9 et poursuivi. AUCUN parent poss\u00e8de le droits de kidnapper un enfant et le cacher d&#8217;un autre parent.<\/p>\n<p>Les Lois sur la Famille (Family Laws) au Canada sera tout unifi\u00e9 et il n&#8217;y aura qu&#8217;une seul Loi de la Famille pour tous les Canadiens.<\/p>\n<p>Il n&#8217;y aura plus aucun parent qui re\u00e7oit la GARDE UNIQUE d&#8217;un enfant.<\/p>\n<p>Il n&#8217;y aura plus de villes autoris\u00e9es \u00e0 cacher un enfant et pas d&#8217;Abris (Shelters) seront en mesure de cacher le kidnappeur et l&#8217;enfant.<\/p>\n<p>Le Refuge pour les Femmes (Women&#8217;s Shelters) a \u00e9t\u00e9 abus\u00e9 par le syst\u00e8me, la GRC, et le Mouvement des Femmes.<\/p>\n<p>La police sera les seuls, op\u00e9rant les Refuges pour les Femmes. <\/p>\n<p>Il y aura des Lois S\u00e9v\u00e8res pour prot\u00e9ger les femmes contre les menaces de violence, viol et menaces de mort mais en m\u00eame temps il doit y avoir une protection pour les hommes qui sont injustement accus\u00e9s de crimes o\u00f9 il n&#8217;y a aucune preuve d&#8217;aucune sorte.<\/p>\n<p>Toute personne qui racontent des mensonges \u00e0 la Cour recevra le minimum de 10 ans de prison.<\/p>\n<p>Les Organisations \u00e0 but Non Lucratif seront suivis sur une base r\u00e9guli\u00e8re et tous les Organizatons D&#8217;Enfants Disparus comme Child Find du Canada seront abolis et les propri\u00e9taires de toutes les franchises seront poursuivis pour fraude, vol et tromper le public.<\/p>\n<p>Comment puis-je le savoir? J&#8217;ai enqu\u00eat\u00e9 beaucoup de ces organisations faux qui ont seulement des photos d&#8217;enfants Americain au Canada et AUCUNE DE CES ORGANIZATIONS n&#8217;a jamais trouv\u00e9 aucune enfant. Ceci est cens\u00e9 \u00eatre le seul travail et responsabilit\u00e9 de la POLICE.<\/p>\n<p>La GRC au Canada sera abolie de fa\u00e7on permanente et tous les Policiers au Canada tombera sous le Gouvernement F\u00e9d\u00e9ral et \u00eatre g\u00e9r\u00e9 par le Gouvernement F\u00e9d\u00e9ral. Il n&#8217;y aura pas de Police de la Ville ou de la Police Provinciale.<\/p>\n<p>En fusionnant tous les Policiers au Canada cela permettra de r\u00e9duire les crimes commis par les D\u00e9partements de Police. Cela cessera certains D\u00e9partements de police DE VENDRE de la DROGUE \u00e0 nos enfants et ceci sera un meilleur syst\u00e8me pour les Policiers de Police Honn\u00eates.<\/p>\n<p>En fusionnant tous les Policiers sous une Nouvelle Police g\u00e9r\u00e9 par le Gouvernement F\u00e9d\u00e9ral ceci b\u00e9n\u00e9ficiera tout les Policiers. Example: un Policier de Police vivant \u00e0 l&#8217;\u00cele-du-Prince-\u00c9douard (PEI) serait en mesure de se d\u00e9placer \u00e0 la Colombie-Britannique et recevoir le m\u00eame salaire et garder sa\/son priorit\u00e9 sans jamais perdre aucun salaire ou partir du bas de l&#8217;\u00e9chelle.<\/p>\n<p>La GRC est responsable de 10 de milliers d&#8217;enfants qui disparaissent chaque ann\u00e9e. La GRC est responsable pour tous les enl\u00e8vements ou kidnapping au Canada parce que la GRC prot\u00e8ge le Mouvement des Femmes et ils re\u00e7oivent de \u00e9norme fonds ill\u00e9gaux du Mouvement des Femmes.<\/p>\n<p>Comment puis-je le savoir? J&#8217;avais 2 de mes filles qui ont \u00e9t\u00e9 a kidnapp\u00e9 et la GRC \u00e9taient totalement inutile et ont totalement d\u00e9sob\u00e9i \u00e0 toutes les Ordonnances Judiciaires (Court Orders).<\/p>\n<p>La GRC est responsable de la mise de drogues massives dans nos rues et de tuer nos enfants.<\/p>\n<p>Comment puis-je savoir tout cela, demandez-vous? <\/p>\n<p>N&#8217;oublier pas que j&#8217;\u00e9tait un D\u00e9tective Priv\u00e9 et un Journaliste et j&#8217;ai tout enqu\u00eat\u00e9 ceci. Voil\u00e0 une autre raison pourquoi la GRC a fait de ma vie un enfer et maintenant il est temps de mettre ceux qui sont impliqu\u00e9s derri\u00e8re les barreaux en Prison pour toujours et d&#8217;abolir totalement la GRC.<\/p>\n<p>En tant que Premier Ministre du Canada, je vais forcer le CRTC de suspendre la licence de CTV Nouvelles (CTV News) et leurs affili\u00e9s et de suspendre la licence de MAGIC 100, et le Ottawa Citizen pour leur implication de m&#8217;avoir pers\u00e9cuter, il ya de nombreuses ann\u00e9es et d&#8217;avoir ecrit des mensonges dans leurs papiers et les rapports des remarques diffamatoires sur leurs Station Radio et la T\u00e9l\u00e9vision.<\/p>\n<p>Ces journalistes de CBC Canada qui ont \u00e9dit\u00e9 une cassette seront cong\u00e9di\u00e9 et arr\u00eat\u00e9 pour leur implication dans la pers\u00e9cution et la calomnie.<\/p>\n<p>En m\u00eame temps, comme Premier Ministre, il sera temps de fermer CBC Radio Canada et CBC Television comme ils sont une responsabilit\u00e9 extr\u00eame et pas un Agence de Gouvernement qui font de l&#8217;argent.<\/p>\n<p>J&#8217;ai pr\u00e9venu le Gouvernement du Canada que si je suis FORC\u00c9S de retourner au Canada o\u00f9 je suis devenue handicap\u00e9s physiques de fa\u00e7on permanente que je vais devenir un Candidat pour Premier Ministre du Canada et cr\u00e9er un NOUVEAU CANADA.<\/p>\n<p>En tant que Premier Ministre du Canada, je vais \u00e9tiqueter tous les Rites \u00c9cossais (Scottish Rites), Francs-Ma\u00e7ons (Freemasons), Auberges de la Cour (Inns of Court), l&#8217;Ordre Orange (the Orange Order) et toutes les Soci\u00e9t\u00e9s Secr\u00e8tes comme une Organisation Terroriste et je ordonnerai tous ses membres \u00e0 \u00eatre jug\u00e9s comme des Terroristes.<\/p>\n<p>Ces Soci\u00e9t\u00e9s Secr\u00e8tes et leurs membres sont ceux qui m&#8217;ont tortur\u00e9s physiquement pendant de nombreuses ann\u00e9es et ont essay\u00e9 de me tuer et ont vol\u00e9 toute ma fortune et tous mes maisons et tous mes biens, op\u00e9rant ill\u00e9galement sous le drapeau canadien.<\/p>\n<p>La Fronti\u00e8re Canadienne sera ferm\u00e9e jusqu&#8217;\u00e0 ce que ceux qui ont \u00e9t\u00e9 impliqu\u00e9s dans ma torture physique et ont kidnapp\u00e9 moi et ma femme sont remis aux Tribunaux Internationaux.<\/p>\n<p>Il est temps que le Canada cesse de donner nos ressources naturelles aux \u00c9tats-Unis d&#8217;Am\u00e9rique et il est temps que tout Commerce se terminera avec les \u00c9tats-Unis d&#8217;Am\u00e9rique.<\/p>\n<p>Alors que certains pourraient \u00eatre en d\u00e9saccord avec moi, sur la fermeture des fronti\u00e8res avec les<br \/>\n\u00c9tats-Unis comme les Entreprises qui font affaire avec les \u00c9tats-Unis, comme Premier Ministre, je ferai en sorte que toutes les Entreprises qui font affaire avec les \u00c9tats-Unis ont de nouveau Pays, pour vendre leurs Produits, Agriculture, Ressources \u00e0 d&#8217;autres Pays.<\/p>\n<p>En tant que Premier Ministre du Canada, je vais enfin mettre fin du fait que Canada est la Marionnette Canadienne des \u00c9tats-Unis et mettre fin \u00e0 tous les liens avec les \u00c9tats-Unis.<\/p>\n<p>Apr\u00e8s tout, la majorit\u00e9 des Am\u00e9ricains d\u00e9testent les Canadiens. Faites moi confiance, nous avons v\u00e9cu aux \u00c9tats-Unis pour plus de 11 ans et nous n&#8217;avons re\u00e7u que des crimes de haine contre nous parce que nous \u00e9tions du Canada.<\/p>\n<p>En tant que Premier Ministre du Canada, je ferai en sorte que le Canada ne vais plus jamais appuyer aucun guerres am\u00e9ricaines et le Canada ne vais plus jamais aller \u00e0 la guerre ou combattre aux c\u00f4t\u00e9s des Am\u00e9ricains.<\/p>\n<p>En tant que Premier Ministre, je vais prot\u00e9ger l&#8217;Agriculture Canadienne et je vais aussi prot\u00e9ger les Agriculteurs Canadiens.<\/p>\n<p>En tant que Premier Ministre, je vais prot\u00e9ger toutes les Entreprises Canadiennes et je vais terminer les entreprises am\u00e9ricaines qui ont tu\u00e9 tous les Emplois Canadiens.<\/p>\n<p>Qu&#8217;est-ce que, les Politiciens fumaient de toute fa\u00e7on et combien de fonds ill\u00e9gaux ont-ils re\u00e7u?<\/p>\n<p>Il y a des ann\u00e9es, la plupart des Politiciens idiots ont permis aux entreprises am\u00e9ricaines de faire un assaut ici comme Walmart ou Target ou Costco que ont termin\u00e9s des millions d&#8217;emplois canadiens.<\/p>\n<p>Ces Entreprises yankees ont termin\u00e9s des millions et des millions d&#8217;Emplois Canadiens et d\u00e9truit notre \u00e9conomie. Tous l&#8217;argent durement gagn\u00e9 des Canadiens vont au Sud de la Fronti\u00e8re. En tant que Premier Ministre, je vais mettre fin \u00e0 ces grandes Entreprises au Canada.<\/p>\n<p>Voici un exemple sur la fa\u00e7on dont ces grandes entreprises ont tu\u00e9 toutes les Entreprises Canadiennes et tu\u00e9 des Millions d&#8217;Emplois Canadiens.<\/p>\n<p>Partout au Canada, il y a des ann\u00e9es, il y avait plus de 1 million Magasins d&#8217;Ordinateurs de c\u00f4te \u00e0 c\u00f4te. Puis la main d&#8217;un Politicien a \u00e9t\u00e9 graiss\u00e9 et cela a ouvert la porte \u00e0 Walmart, une Compagnie Am\u00e9ricaine. Bient\u00f4t Walmart a graiss\u00e9 la main de nombreux Politiciens Canadiens, y compris les Politiciens locaux et maintenant il ya un Walmart dans chaque ville et chaque coin. Dans une petite ville o\u00f9 je r\u00e9side, je peux voir 5 Magasins Walmart.<\/p>\n<p>Ces Magasins Walmart n&#8217;a pas cr\u00e9er des millions d&#8217;emplois mais seulement des milliers d&#8217;emplois MAIS ils ont tu\u00e9 des millions et des millions d&#8217;emplois.<\/p>\n<p>Donc, comme Premier Ministre, je vais ajouter 30-40% de taxes sur toutes Compagnies Am\u00e9ricaines qui op\u00e8rent au Canada et si ils aiment pas \u00e7a, h\u00e9 bien, ils peuvent prendre une randonn\u00e9e \u00e0 l&#8217;autre c\u00f4t\u00e9 de la fronti\u00e8re.<\/p>\n<p>Quant au Entreprises, je ferai des fonds du Gouvernement F\u00e9d\u00e9ral disponible pour toutes les Entreprises et surtout les Petites Entreprises avec des pr\u00eats.<\/p>\n<p>Quant \u00e0 la Construction et le March\u00e9 du Logement, je ferai en sorte que chaque personne qui travaille au Canada peut se permettre d&#8217;acheter une maison avec un Pr\u00eat de paiement sans int\u00e9r\u00eat du Gouvernement F\u00e9d\u00e9ral.<\/p>\n<p>Les \u00c9tats-Unis d\u00e9penseront plus de 10 milliards de dollars pour s&#8217;assurer que je ne deviendrai jamais le prochain Premier Ministre du Canada.<\/p>\n<p>Tous les Politiciens Canadiens de toutes les Parties du Canada seront en pleine attaque et tout ce que je dois dire est que la bataille commence car j&#8217;ai toutes les Preuves pour prouver tout ce que je dis et prouver mon Histoire qui est une V\u00e9ritable Histoire de Pers\u00e9cution Politique, la Torture Politique et le Tentative d&#8217;Assassinat Politique.<\/p>\n<p>Il est temps que tous les Canadiens s&#8217;unissent avec Une Voix et se tenir debout derri\u00e8re moi et me soutenir pour un Nouveau Canada, un Canada Ind\u00e9pendant.<\/p>\n<p>Il est temps que nous, en temps que Canadiens, disons \u00e0 notre Gouvernement, \u00c7a Suffit.<\/p>\n<p>Je serai la Voix du Nouveau Canada.<\/p>\n<p>Je vais \u00eatre la Voix de tous les Canadiens et je vais repr\u00e9senter tous les Canadiens.<\/p>\n<p>En tant que Premier Ministre du Canada, \u00a0je vais totalement interdire toutes drogues au Canada et je vais enlever toutes les Lois que le Premier Ministre Justin Trudeau signe, relatif \u00e0 la marijuana. Je ne laisserai pas notre Premier Ministre changer le Canada \u00e0 Potville Canada ou Canada Potville. Pas plus que je permettrai \u00e0 un Politicien de continuer \u00e0 tuer les Canadiens avec toutes drogues.<\/p>\n<p>Un Nouveau Parti Politique pour un Nouveau Canada qui sert tous les Canadiens.<\/p>\n<p>Je suis Anthony Martini, un Candidat Politique pour le Premier Ministre du Canada pour 2019.<\/p>\n<p>Soutenez-moi, afin que je puisse vous soutenir.<\/p>\n<p style=\"text-align: center;\">\n<p><a href=\"http:\/\/www.martiniforpm.com\/wp-content\/uploads\/2015\/11\/Angelas_father_01a-e1446930195337.png\"><img loading=\"lazy\" decoding=\"async\" class=\"size-medium wp-image-7 aligncenter\" src=\"http:\/\/www.martiniforpm.com\/wp-content\/uploads\/2015\/11\/Angelas_father_01a-225x300.png\" alt=\"Angelas_father_01a\" width=\"225\" height=\"300\" \/><\/a><\/p>\n<p>&nbsp;<\/p>\n<p>&nbsp;<\/p>\n<p>&nbsp;<\/p>\n<p>&nbsp;<\/p>\n<p>&nbsp;<\/p>\n","protected":false},"excerpt":{"rendered":"<p>Je commence un Parti Politique Nouveau pour un Nouveau Canada. Il y a plusieurs ann\u00e9es j&#8217;ai vot\u00e9 pour les Lib\u00e9raux et les Conservateurs puis le NDP et pour quoi? J&#8217;ai vot\u00e9 pour les Politiciens corrompus que je ne savais pas \u00e9taient corrompus. J&#8217;ai \u00e9galement soutenu le Mouvement de la S\u00e9paration du Qu\u00e9bec dans mes jeunes [&hellip;]<\/p>\n","protected":false},"author":1,"featured_media":0,"parent":0,"menu_order":0,"comment_status":"closed","ping_status":"closed","template":"","meta":{"footnotes":""},"class_list":["post-48","page","type-page","status-publish","hentry","post"],"_links":{"self":[{"href":"http:\/\/www.martiniforpm.com\/fr\/wp-json\/wp\/v2\/pages\/48","targetHints":{"allow":["GET"]}}],"collection":[{"href":"http:\/\/www.martiniforpm.com\/fr\/wp-json\/wp\/v2\/pages"}],"about":[{"href":"http:\/\/www.martiniforpm.com\/fr\/wp-json\/wp\/v2\/types\/page"}],"author":[{"embeddable":true,"href":"http:\/\/www.martiniforpm.com\/fr\/wp-json\/wp\/v2\/users\/1"}],"replies":[{"embeddable":true,"href":"http:\/\/www.martiniforpm.com\/fr\/wp-json\/wp\/v2\/comments?post=48"}],"version-history":[{"count":59,"href":"http:\/\/www.martiniforpm.com\/fr\/wp-json\/wp\/v2\/pages\/48\/revisions"}],"predecessor-version":[{"id":107,"href":"http:\/\/www.martiniforpm.com\/fr\/wp-json\/wp\/v2\/pages\/48\/revisions\/107"}],"wp:attachment":[{"href":"http:\/\/www.martiniforpm.com\/fr\/wp-json\/wp\/v2\/media?parent=48"}],"curies":[{"name":"wp","href":"https:\/\/api.w.org\/{rel}","templated":true}]}}