{"id":6,"date":"2015-11-11T17:44:48","date_gmt":"2015-11-11T17:44:48","guid":{"rendered":"http:\/\/www.martiniforpm.com\/fr\/home-page\/"},"modified":"2016-02-28T04:38:49","modified_gmt":"2016-02-28T04:38:49","slug":"home-page","status":"publish","type":"page","link":"http:\/\/www.martiniforpm.com\/fr\/","title":{"rendered":"Home Page"},"content":{"rendered":"<div id=\"pl-6\"  class=\"panel-layout\" ><div id=\"pg-6-0\"  class=\"panel-grid panel-no-style\" ><div id=\"pgc-6-0-0\"  class=\"panel-grid-cell\" ><div id=\"panel-6-0-0-0\" class=\"so-panel widget widget_text panel-first-child\" data-index=\"0\" ><div class=\"panel-widget-style panel-widget-style-for-6-0-0-0\" ><h3 class=\"widget-title\">Ceci Est Combien De Temps Le Canada Refuse D&#8217;\u00c9mettre Un Candidat Politique Et Son \u00c9pouse Toute Identifications<\/h3>\t\t\t<div class=\"textwidget\"><\/div>\n\t\t<\/div><\/div><div id=\"panel-6-0-0-1\" class=\"so-panel widget widget_text panel-last-child\" data-index=\"1\" ><div class=\"panel-widget-style panel-widget-style-for-6-0-0-1\" >\t\t\t<div class=\"textwidget\"><p align=\"center\"><!--webbot bot=\"HTMLMarkup\" startspan --><script language=\"JavaScript1.2\">\n\nfunction setcountup(theyear,themonth,theday){\nyr=theyear;mo=themonth;da=theday\n}\n\n\/\/\/\/\/\/\/\/\/\/CONFIGURE THE countup SCRIPT HERE\/\/\/\/\/\/\/\/\/\/\/\/\/\/\/\/\/\/\n\n\/\/STEP 1: Configure the date to count up from, in the format year, month, day:\n\/\/This date should be less than today\nsetcountup(2013,9,18)\n\/\/STEP 2: Configure text to be attached to count up\n\n\nvar displaymessage=\" -- Ce compteur est combien de temps le Canada et la Province de Ontario a refus\u00e9 d'\u00e9mettre a un Candidat Politique, Anthony Martini et son \u00e9pouse, Annette Martini tout Identifications, y compris, Passeports, (SIN-Num\u00e9ro d'Assurance Sociale), Permis de Conduire, Photo Identification et M\u00e9dicale, ce qui viole toutes les Lois Internationales, Lois des Nations Unies et les Lois Canadiennes. Cette Horloge est du 18 Septembre 2013 \u00e0 la date actuelle! ... S'IL VOUS PLA\u00ceT ME SOUTENIR POUR CR\u00c9ER UN NOUVEAU PARTI POLITIQUE POUR UN NOUVEAU CANADA !!!\"\n\n\n\/\/STEP 3: Configure the below 5 variables to set the width, height, background color, and text style of the countup area\nvar countupwidth='80%'\nvar countupheight='90px' \/\/applicable only in NS4\nvar countupbgcolor='#9e2a3a'\nvar opentags='<font color=\"#FFFFFF\"><font face=\"Verdana\"><b><large>'\nvar closetags='<\/large<\/font>'\n\n\/\/\/\/\/\/\/\/\/\/DO NOT EDIT PASS THIS LINE\/\/\/\/\/\/\/\/\/\/\/\/\/\/\/\/\/\/\n\nvar montharray=new Array(\"Jan\",\"Feb\",\"Mar\",\"Apr\",\"May\",\"Jun\",\"Jul\",\"Aug\",\"Sep\",\"Oct\",\"Nov\",\"Dec\")\nvar crosscount=''\n\nfunction start_countup(){\nif (document.layers)\ndocument.countupnsmain.visibility=\"show\"\nelse if (document.all||document.getElementById)\ncrosscount=document.getElementById&&!document.all?document.getElementById(\"countupie\") : countupie\ncountup()\n}\n\nif (document.all||document.getElementById)\ndocument.write('<span id=\"countupie\" style=\"width:'+countupwidth+'; background-color:'+countupbgcolor+'\"><\/span>')\n\nwindow.onload=start_countup\n\n\nfunction countup(){\nvar today=new Date()\nvar todayy=today.getYear()\nif (todayy < 1000)\ntodayy+=1900\nvar todaym=today.getMonth()\nvar todayd=today.getDate()\nvar todayh=today.getHours()\nvar todaymin=today.getMinutes()\nvar todaysec=today.getSeconds()\nvar todaystring=montharray[todaym]+\" \"+todayd+\", \"+todayy+\" \"+todayh+\":\"+todaymin+\":\"+todaysec\npaststring=montharray[mo-1]+\" \"+da+\", \"+yr\ndd=Date.parse(todaystring)-Date.parse(paststring)\ndday=Math.floor(dd\/(60*60*1000*24)*1)\ndhour=Math.floor((dd%(60*60*1000*24))\/(60*60*1000)*1)\ndmin=Math.floor(((dd%(60*60*1000*24))%(60*60*1000))\/(60*1000)*1)\ndsec=Math.floor((((dd%(60*60*1000*24))%(60*60*1000))%(60*1000))\/1000*1)\n\nif (document.layers){\ndocument.countupnsmain.document.countupnssub.document.write(opentags+dday+ \" days, \"+dhour+\" hours, \"+dmin+\" minutes, and \"+dsec+\" seconds \"+displaymessage+closetags)\ndocument.countupnsmain.document.countupnssub.document.close()\n}\nelse if (document.all||document.getElementById)\ncrosscount.innerHTML=opentags+dday+ \" days, \"+dhour+\" hours, \"+dmin+\" minutes, and \"+dsec+\" seconds \"+displaymessage+closetags\n\nsetTimeout(\"countup()\",1000)\n}\n<\/script><!--webbot bot=\"HTMLMarkup\" endspan -->\n        <\/p>\n<\/div>\n\t\t<\/div><\/div><\/div><\/div><div id=\"pg-6-1\"  class=\"panel-grid panel-no-style\" ><div id=\"pgc-6-1-0\"  class=\"panel-grid-cell panel-grid-cell-empty\" ><\/div><\/div><div id=\"pg-6-2\"  class=\"panel-grid panel-no-style\" ><div id=\"pgc-6-2-0\"  class=\"panel-grid-cell\" ><div id=\"panel-6-2-0-0\" class=\"so-panel widget widget_circleicon-widget panel-first-child panel-last-child\" data-index=\"2\" >\t\t<div class=\"circle-icon-box circle-icon-position-top circle-icon-hide-box circle-icon-size-small\">\n\t\t\t<div class=\"circle-icon-wrapper\">\n                \t\t\t\t<div class=\"circle-icon\" >\n\t\t\t\t\t<div class=\"fa fa-pencil-square-o\"><\/div>\t\t\t\t<\/div>\n                \t\t\t<\/div>\n\n            \t\t\t<h4>A Propos De Anthony Martini<\/h4>            \n\t\t\t<p class=\"text\">Je suis Un Candidat Politique pour Premier Ministre Du Canada pour L'\u00c9lection en 2019. <br><br> Je ne suis PAS un Lib\u00e9ral et je ne suis pas un Conservateur et je ne suis Pas NPD, et je ne fais pas partie du Parti Bloc Qu\u00e9b\u00e9cois.<\/br><\/p>\t\t\t\t\t\t\t<a href=\"http:\/\/www.martiniforpm.com\/fr\/a-propos-de-moi\" class=\"more-button\">En savoir plus <i><\/i><\/a>\n\t\t\t\t\t<\/div>\n\t\t<\/div><\/div><div id=\"pgc-6-2-1\"  class=\"panel-grid-cell\" ><div id=\"panel-6-2-1-0\" class=\"so-panel widget widget_circleicon-widget panel-first-child panel-last-child\" data-index=\"3\" >\t\t<div class=\"circle-icon-box circle-icon-position-top circle-icon-hide-box circle-icon-size-small\">\n\t\t\t<div class=\"circle-icon-wrapper\">\n                \t\t\t\t<div class=\"circle-icon\" >\n\t\t\t\t\t<div class=\"fa fa-check-circle-o\"><\/div>\t\t\t\t<\/div>\n                \t\t\t<\/div>\n\n            \t\t\t<h4>Volontaires<\/h4>            \n\t\t\t<p class=\"text\">Bient\u00f4t, nous allons \u00eatre \u00e0 la recherche de B\u00e9n\u00e9voles pour r\u00e9pandre les nouvelles sur le Nouveau Canada et UNE Partie pour tous les Canadiens.<\/p>\t\t\t\t\t\t\t<a href=\"#\" class=\"more-button\">En savoir plus <i><\/i><\/a>\n\t\t\t\t\t<\/div>\n\t\t<\/div><\/div><div id=\"pgc-6-2-2\"  class=\"panel-grid-cell\" ><div id=\"panel-6-2-2-0\" class=\"so-panel widget widget_circleicon-widget panel-first-child panel-last-child\" data-index=\"4\" >\t\t<div class=\"circle-icon-box circle-icon-position-top circle-icon-hide-box circle-icon-size-small\">\n\t\t\t<div class=\"circle-icon-wrapper\">\n                \t\t\t\t<div class=\"circle-icon\" >\n\t\t\t\t\t<div class=\"fa fa-clock-o\"><\/div>\t\t\t\t<\/div>\n                \t\t\t<\/div>\n\n            \t\t\t<h4>Ma Vision D&#8217;Un Nouveau Canada<\/h4>            \n\t\t\t<p class=\"text\">Ma Vision D'Un Nouveau Canada. Une Partie qui sert tous les Canadiens de toutes Cultures et toutes Religions. Une Partie qui prot\u00e8ge les Innocents et Punit les Coupables. Une Partie qui prot\u00e8ge tous les Canadiens. Une Partie qui prot\u00e8ge nos enfants et leur donne un avenir meilleur.<\/p>\t\t\t\t\t\t\t<a href=\"http:\/\/www.martiniforpm.com\/fr\/ma-vision-d-un-nouveau-canada\/\" class=\"more-button\">En savoir plus <i><\/i><\/a>\n\t\t\t\t\t<\/div>\n\t\t<\/div><\/div><\/div><div id=\"pg-6-3\"  class=\"panel-grid panel-has-style\" ><div class=\"wide-grey panel-row-style panel-row-style-for-6-3\" ><div id=\"pgc-6-3-0\"  class=\"panel-grid-cell\" ><div id=\"panel-6-3-0-0\" class=\"so-panel widget widget_headline-widget panel-first-child panel-last-child\" data-index=\"5\" >\t\t<h1>Anthony Martini Pour Premier ministre du Canada 2019<\/h1>\n\t\t<div class=\"decoration\"><div class=\"decoration-inside\"><\/div><\/div>\n\t\t<h3>Une Partie qui sert tous les Canadiens!<\/h3>\n\t\t<\/div><\/div><\/div><\/div><div id=\"pg-6-4\"  class=\"panel-grid panel-no-style\" ><div id=\"pgc-6-4-0\"  class=\"panel-grid-cell\" ><div id=\"panel-6-4-0-0\" class=\"so-panel widget widget_siteorigin-panels-postloop panel-first-child panel-last-child\" data-index=\"6\" ><h3 class=\"widget-title\"><span class=\"vantage-carousel-title\"><span class=\"vantage-carousel-title-text\">DERNI\u00c8RES NOUVELLES<\/span><a href=\"#\" class=\"next\" title=\"Next\"><span class=\"vantage-icon-arrow-right\"><\/span><\/a><a href=\"#\" class=\"previous\" title=\"Previous\"><span class=\"vantage-icon-arrow-left\"><\/span><\/a><\/span><\/h3><div class=\"vantage-carousel-wrapper\">\n\n\t\n\t<ul class=\"vantage-carousel\" data-query=\"{&quot;post_type&quot;:&quot;post&quot;,&quot;posts_per_page&quot;:4,&quot;orderby&quot;:&quot;date&quot;,&quot;order&quot;:&quot;DESC&quot;,&quot;panels_info&quot;:{&quot;class&quot;:&quot;SiteOrigin_Panels_Widgets_PostLoop&quot;,&quot;raw&quot;:false,&quot;grid&quot;:4,&quot;cell&quot;:0,&quot;id&quot;:6,&quot;style&quot;:{&quot;background_display&quot;:&quot;tile&quot;},&quot;cell_index&quot;:0,&quot;widget_index&quot;:6},&quot;paged&quot;:1,&quot;post__not_in&quot;:[6],&quot;fields&quot;:&quot;all&quot;,&quot;lazy_load_term_meta&quot;:true}\" data-ajax-url=\"http:\/\/www.martiniforpm.com\/fr\/wp-admin\/admin-ajax.php\">\n\t\t\t\t\t<li class=\"carousel-entry\">\n\t\t\t\t<div class=\"thumbnail\">\n\t\t\t\t\t\t\t\t\t\t\t<a href=\"http:\/\/www.martiniforpm.com\/fr\/2018\/02\/18\/condamner-le-canada-trudeau-et-ontario\/\" class=\"default-thumbnail\"><span class=\"overlay\"><\/span><\/a>\n\t\t\t\t\t\t\t\t\t<\/div>\n\t\t\t\t\t\t\t\t<h3><a href=\"http:\/\/www.martiniforpm.com\/fr\/2018\/02\/18\/condamner-le-canada-trudeau-et-ontario\/\">Condamner le Canada, Trudeau et Ontario<\/a><\/h3>\n\t\t\t<\/li>\n\t\t\t\t\t<li class=\"carousel-entry\">\n\t\t\t\t<div class=\"thumbnail\">\n\t\t\t\t\t\t\t\t\t\t\t<a href=\"http:\/\/www.martiniforpm.com\/fr\/2018\/01\/28\/france-reste-silencieux\/\" class=\"default-thumbnail\"><span class=\"overlay\"><\/span><\/a>\n\t\t\t\t\t\t\t\t\t<\/div>\n\t\t\t\t\t\t\t\t<h3><a href=\"http:\/\/www.martiniforpm.com\/fr\/2018\/01\/28\/france-reste-silencieux\/\">FRANCE RESTE SILENCIEUX<\/a><\/h3>\n\t\t\t<\/li>\n\t\t\t\t\t<li class=\"carousel-entry\">\n\t\t\t\t<div class=\"thumbnail\">\n\t\t\t\t\t\t\t\t\t\t\t<a href=\"http:\/\/www.martiniforpm.com\/fr\/2016\/12\/23\/consulats-canadiens-impliques-dans-un-kidnapping\/\" class=\"default-thumbnail\"><span class=\"overlay\"><\/span><\/a>\n\t\t\t\t\t\t\t\t\t<\/div>\n\t\t\t\t\t\t\t\t<h3><a href=\"http:\/\/www.martiniforpm.com\/fr\/2016\/12\/23\/consulats-canadiens-impliques-dans-un-kidnapping\/\">Consulats Canadiens Impliqu\u00e9s Dans Un Kidnapping<\/a><\/h3>\n\t\t\t<\/li>\n\t\t\t\t\t<li class=\"carousel-entry\">\n\t\t\t\t<div class=\"thumbnail\">\n\t\t\t\t\t\t\t\t\t\t\t<a href=\"http:\/\/www.martiniforpm.com\/fr\/2016\/09\/08\/le-militia-de-la-reine-la-grc-ont-ecrase-et-detruit-notre-mariage\/\" class=\"default-thumbnail\"><span class=\"overlay\"><\/span><\/a>\n\t\t\t\t\t\t\t\t\t<\/div>\n\t\t\t\t\t\t\t\t<h3><a href=\"http:\/\/www.martiniforpm.com\/fr\/2016\/09\/08\/le-militia-de-la-reine-la-grc-ont-ecrase-et-detruit-notre-mariage\/\">LE MILITIA DE LA REINE LA GRC ONT \u00c9CRAS\u00c9 ET D\u00c9TRUIT NOTRE MARIAGE<\/a><\/h3>\n\t\t\t<\/li>\n\t\t\t<\/ul>\n<\/div><\/div><\/div><div id=\"pgc-6-4-1\"  class=\"panel-grid-cell\" ><div id=\"panel-6-4-1-0\" class=\"so-panel widget widget_text panel-first-child\" data-index=\"7\" ><h3 class=\"widget-title\">Un Nouveau Parti Politique Avec Une Nouvelle Vision<\/h3>\t\t\t<div class=\"textwidget\"><p>Vous avez vu tous les autres Partis Politiques mentir. Vous avez vu notre Pays devenir Potville Canada. Vous avez vu nos Dirigeants voler notre avenir et de tuer nos emplois. J'ai tout vu et cela suffit. Un Nouveau Canada avec un Nouveau Premier Ministre, c'est ce qu'il nous faut. Lib\u00e9raux, Conservateurs, NDP et Partie Bloc Qu\u00e9b\u00e9cois nous ont tous laisser tomber depuis des d\u00e9cennies et d\u00e9cennies aussi longtemps que je me souvien et au-del\u00e0.<\/p>\n<p>Imaginez un Premier Ministre qui va r\u00e9pondre au t\u00e9l\u00e9phone une fois par semaine d'un Canadien.<\/p>\n<p>Imaginez un Nouveau Canada avec notre propre Souverainet\u00e9. Une S\u00e9paration totale du Royaume-Uni et de la Reine et un Pays Ind\u00e9pendant totale avec le Qu\u00e9bec qui ne parle plus de s\u00e9paration.<\/p>\n<p>Imaginez chaque Canadien travail et le ch\u00f4mage devient \u00e0 z\u00e9ro.<\/p>\n<p>Imagine le Canada \u00e9tant plus jamais la marionnette des \u00c9tats-Unis et ne vont plus jamais \u00e0 des guerres ill\u00e9gales avec les \u00c9tats-Unis.<\/p>\n<p>Imaginez des Universit\u00e9s gratuits pour tous les Canadiens.<\/p>\n<\/div>\n\t\t<\/div><div id=\"panel-6-4-1-1\" class=\"so-panel widget widget_text panel-last-child\" data-index=\"8\" >\t\t\t<div class=\"textwidget\"><\/div>\n\t\t<\/div><\/div><\/div><\/div>","protected":false},"excerpt":{"rendered":"<p>Ceci Est Combien De Temps Le Canada Refuse D\u2019\u00c9mettre Un Candidat Politique Et Son \u00c9pouse Toute Identifications &nbsp; A Propos De Anthony Martini Je suis Un Candidat Politique pour Premier Ministre Du Canada pour L&#8217;\u00c9lection en 2019. Je ne suis PAS un Lib\u00e9ral et je ne suis pas un Conservateur et je ne suis Pas [&hellip;]<\/p>\n","protected":false},"author":1,"featured_media":116,"parent":0,"menu_order":0,"comment_status":"closed","ping_status":"closed","template":"home-panels.php","meta":{"footnotes":""},"class_list":["post-6","page","type-page","status-publish","has-post-thumbnail","hentry","post"],"_links":{"self":[{"href":"http:\/\/www.martiniforpm.com\/fr\/wp-json\/wp\/v2\/pages\/6","targetHints":{"allow":["GET"]}}],"collection":[{"href":"http:\/\/www.martiniforpm.com\/fr\/wp-json\/wp\/v2\/pages"}],"about":[{"href":"http:\/\/www.martiniforpm.com\/fr\/wp-json\/wp\/v2\/types\/page"}],"author":[{"embeddable":true,"href":"http:\/\/www.martiniforpm.com\/fr\/wp-json\/wp\/v2\/users\/1"}],"replies":[{"embeddable":true,"href":"http:\/\/www.martiniforpm.com\/fr\/wp-json\/wp\/v2\/comments?post=6"}],"version-history":[{"count":19,"href":"http:\/\/www.martiniforpm.com\/fr\/wp-json\/wp\/v2\/pages\/6\/revisions"}],"predecessor-version":[{"id":198,"href":"http:\/\/www.martiniforpm.com\/fr\/wp-json\/wp\/v2\/pages\/6\/revisions\/198"}],"wp:featuredmedia":[{"embeddable":true,"href":"http:\/\/www.martiniforpm.com\/fr\/wp-json\/wp\/v2\/media\/116"}],"wp:attachment":[{"href":"http:\/\/www.martiniforpm.com\/fr\/wp-json\/wp\/v2\/media?parent=6"}],"curies":[{"name":"wp","href":"https:\/\/api.w.org\/{rel}","templated":true}]}}