{"id":7,"date":"2015-11-13T18:29:37","date_gmt":"2015-11-13T18:29:37","guid":{"rendered":"http:\/\/www.martiniforpm.com\/fr\/?page_id=7"},"modified":"2015-11-14T03:44:27","modified_gmt":"2015-11-14T03:44:27","slug":"ma-vision-d-un-nouveau-canada","status":"publish","type":"page","link":"http:\/\/www.martiniforpm.com\/fr\/ma-vision-d-un-nouveau-canada\/","title":{"rendered":"Ma Vision D&#8217;un Nouveau Canada"},"content":{"rendered":"<p>Vous avez vu les mensonges de tous les autres Chefs des Partis Politiques. <\/p>\n<p>Vous avez vu notre pays devenir Potville Canada, gr\u00e2ce \u00e0 nos Dirigeants et les Politiciens qui sont<br \/>\neux-m\u00eames des Potheads (fumeurs de marijuana).<\/p>\n<p>Vous avez vu nos Dirigeants voler notre avenir et tuer nos emplois. <\/p>\n<p>Vous avez vu nos Ressources Naturelles \u00eatre donn\u00e9s aux \u00c9tats-Unis.<\/p>\n<p>Vous avez vu nos Politiciens et nos Premiers Ministres nous mentir et de vendre nos Emplois aux<br \/>\n\u00c9tats-Unis.<\/p>\n<p>Vous avez vu notre avenir diminuer devant nos yeux.<\/p>\n<p>Vous avez vu nos Politiciens nous voler, nous qui sommes des Citoyens qui travaillent dur et en augmentant notre d\u00e9ficit sans souci au monde et aucune reddition de comptes.<\/p>\n<p>Vous avez vu nos Politiciens nous prendre pour combattre les Guerres Ill\u00e9gales des \u00c9tats-Unis.<\/p>\n<p>Vous avez vu nos Dirigeants, nos Politiciens, notre Premier Ministre, d\u00e9truire le Canada \u00e0 l&#8217;int\u00e9rieur. <\/p>\n<p>Vous avez vu nos Politiciens et nos Premiers Ministres ne se souciant pas sur ce que nous pensons en temps que des Canadiens et ils font ce qu&#8217;ils veulent.<\/p>\n<p>Vous avez vu nos Politiciens et les Chefs des Partis Politiques jeter ou faire usage impropre de nos Dollars D&#8217;Imp\u00f4ts et encore, il n&#8217;y a jamais eu de comptes \u00e0 rendre pour leurs actions ill\u00e9gales.<\/p>\n<p>Vous avez vu les drogues tuer nos enfants et des d\u00e9cennies et d\u00e9cennies plus tard, nos Politiciens ont \u00e9chou\u00e9 \u00e0 prot\u00e9ger nos enfants.<\/p>\n<p>Je l&#8217;ai tout vu et \u00e7a suffit. <\/p>\n<p>Un Nouveau Canada avec un Nouveau Premier Ministre, est ce que nous avons besoin. <\/p>\n<p>Les Lib\u00e9raux, les Conservateurs, le NDP et le Parti Bloc Qu\u00e9b\u00e9cois, nous ont tous laisser tomber et d\u00e9\u00e7u depuis des D\u00e9cennies et D\u00e9cennies aussi longtemps que je me souvien, et au-del\u00e0.<\/p>\n<p>Imaginez un Premier Ministre qui va r\u00e9pondre au t\u00e9l\u00e9phone, une fois par semaine, d&#8217;un Canadien. <\/p>\n<p>Imaginez un Nouveau Canada avec notre propre Souverainet\u00e9. Une S\u00e9paration Totale du Royaume-Uni (United Kingdom) et de la Reine et un Total Pays Independent avec le Qu\u00e9bec ne jamais parler de s\u00e9paration. <\/p>\n<p>Imagine le Canada arr\u00eater le don d&#8217;une \u00e9norme quantit\u00e9 d&#8217;argent non divulgu\u00e9e \u00e0 la Reine d&#8217;Angleterre ou la Reine du Royaume-Uni ou la Reine de la Grande-Bretagne. Ceci est SEULEMENT un Immense cheque de bien-\u00eatre qui est donn\u00e9 \u00e0 la Reine chaque mois.<\/p>\n<p>\u00c7a suffit! <\/p>\n<p>L&#8217;ancien Premier Ministre Pierre Elliot Trudeau nous a menti \u00e0 l&#8217;Expo 67 faisant tous les Canadiens croire que nous avons rompu loin de l&#8217;Angleterre, \u00e0 ce moment-l\u00e0. Quel menteur qu&#8217;il \u00e9tait.<\/p>\n<p>Je ferai en sorte que le Canada cherche enfin la pleine Ind\u00e9pendance de la Reine, de la Grande-Bretagne, ou GB ou l&#8217;Angleterre ou ce qu&#8217;ils veulent se faire appeler.<\/p>\n<p>Je pr\u00e9f\u00e8re voir les photos des Anciens Premier Ministres sur le Mon\u00e9taire Canadien sauf la Reine d&#8217;Angleterre.<\/p>\n<p>Imaginez que chaque Canadien travail et le ch\u00f4mage va \u00e0 z\u00e9ro pour cent. <\/p>\n<p>Imaginez le Canada ne jamais \u00eatre \u00e0 nouveau la marionnette des \u00c9tats-Unis et plus jamais aller \u00e0 des Guerres Ill\u00e9gales avec les \u00c9tats-Unis.<\/p>\n<p>Imaginez des Universit\u00e9s Gratuites pour tous les Canadiens.<\/p>\n<p>Imaginez un Dentaire Gratuit.<\/p>\n<p>Imaginez des Lois plus S\u00e9v\u00e8res contre les Conducteurs Ivres (l&#8217;Alcool au Volant).<\/p>\n<p>Imaginez des Lois plus S\u00e9v\u00e8res contre les Trafiquants de Drogue.<\/p>\n<p>Imaginez un Pays que vous serez fier de vivre dans et de ne plus jamais encore avoir honte du Canada.<\/p>\n<p>Imaginez que les Seniors vont recevoir une augmentation de 30% dans leurs ch\u00e8ques mensuels.<\/p>\n<p>Imaginez ces Canadiens paresseux qui aime un ch\u00e8que d&#8217;aide sociale gratuite pour la vie, \u00eatre forc\u00e9 \u00e0 retourner au travail.<\/p>\n<p>Imaginez ceux qui sont Handicap\u00e9s de recevoir une augmentation de 30% chaque mois.<\/p>\n<p>Imaginez la pauvret\u00e9 au Canada \u00e9tant \u00e9limin\u00e9. <\/p>\n<p>Imaginez les Politiciens tenus responsables pour avoir gaspiller notre argent d&#8217;imp\u00f4t et d&#8217;avoir voler notre argent.<\/p>\n<p>Imaginez des Garderies Gratuite pour les parents qui travaillent.<\/p>\n<p>Imaginez le d\u00e9ficit que ces Politiciens Criminels nous ont mis dedans, \u00eatre nettoy\u00e9e et pour toujours.<\/p>\n<p>Imaginez le Canada devenir encore une fois, un pays tr\u00e8s respect\u00e9.<\/p>\n<p>Imaginez la rupture du Canada de l&#8217;Organisation des Nations Unies et la formation d&#8217;un nouveau Nations Mondiale (New Global Nations) \u00e0 l&#8217;ext\u00e9rieur des \u00c9tats-Unis d&#8217;Am\u00e9rique excluant les \u00c9tats-Unis d&#8217;Am\u00e9rique.<\/p>\n<p>Apr\u00e8s tout, le Canada a cr\u00e9\u00e9 les Nations Unies et il est temps que le Canada d\u00e9mant\u00e8le l&#8217;Organisation des Nations Unies car les \u00c9tats-Unis est en train de voler des trillions de dollars des Nations Unies. M\u00eame le UNHCR qui est cens\u00e9e prot\u00e9ger les r\u00e9fugi\u00e9s politiques soul\u00e8ve des trillions de dollars et en le mettant dans les poches des Soci\u00e9t\u00e9s Secr\u00e8tes. Ils ne aident pas les gens et ils ne aide pas les R\u00e9fugi\u00e9s Politiques.<\/p>\n<p>Comment puis-je savoir?<\/p>\n<p>J&#8217;ai enqu\u00eat\u00e9 le UNHCR en profondeur pour savoir qu&#8217;il sont le plus grande organisation de Scam du monde.<\/p>\n<p>Imaginez tous les juges au Canada seront remplac\u00e9 par des juges honn\u00eates.<\/p>\n<p>Imaginer de Nouvelles Lois pour les Conducteurs Ivres (l&#8217;alcool au volant). (Premi\u00e8re Offense 2 ans de prison et Permis de Conduire suspendu pour 7 ans.)<\/p>\n<p>(Deuxi\u00e8me Infraction 5 ans de prison et la suspension du permis de conduire pour toujours.) <\/p>\n<p>Toutes Conducteurs Ivres (l&#8217;alcool au volant) qui provoque la mort seront poursuivis pour meurtre et recevoir une peine \u00e0 perp\u00e9tuit\u00e9 sans possibilit\u00e9 de lib\u00e9ration conditionnelle.<\/p>\n<p>Imaginez de Nouvelles Lois pour prot\u00e9ger nos enfants contre les kidnappeurs, y compris les Kidnappeurs Parentales.<\/p>\n<p>Imaginez un augmentation d&#8217;argent disponible pour les Petites Entreprises et moins de paperasserie.<\/p>\n<p>Imaginez un augmentation de Nouvelle Construction R\u00e9sidentielle et le Versement de Pr\u00eat offerte par le Gouvernement F\u00e9d\u00e9ral pour les Acheteurs d&#8217;une Premi\u00e8re Maison.<\/p>\n<p>Imaginez ZERO Imp\u00f4ts Personnels pour ceux qui gagnent moins de $ 30,000.00 par an.<\/p>\n<p>EST-CE POSSIBLE?<\/p>\n<p>OUI! OUI! OUI! OUI! et plus!!<\/p>\n<p>Si nous arr\u00eatons nos Politiciens et les Premiers Ministres et les Gouvernements Provinciaux de gaspiller les Dollars de nos Imp\u00f4ts et les emp\u00eacher de voler les dollars de nos imp\u00f4ts, puis tout cela pourrait \u00eatre et serait atteint.<\/p>\n<p>Effectivement, la formule est tr\u00e8s facile et je ne parle pas de l&#8217;augmentation des taxes. <\/p>\n<p>Le Canada est un Pays riche mais pour des d\u00e9cennies et d\u00e9cennies nos Premiers Ministres et nos Politiciens volent les dollars de nos imp\u00f4ts et le donne \u00e0 leurs amis qui sont tous Membres des Soci\u00e9t\u00e9s Secr\u00e8tes, comme les Francs-Ma\u00e7ons (Freemasons), les Rites \u00c9cossais (Scottish Rites), Auberges de la Cour (Inns of the Court), l&#8217;Ordre d&#8217;Orange (the Orange Order) ou le Loge d&#8217;Orange Loyale (Loyal Orange Lodge), etc.<\/p>\n<p>Je vais mettre un terme \u00e0 cela et m&#8217;assurez que toute Politicien soit Politicien de la Ville, Politicien Provincial ou Politicien F\u00e9d\u00e9ral sont arr\u00eat\u00e9s et accus\u00e9s et tenus responsables.<\/p>\n<p>Je vais rendre ill\u00e9gal pour les Politiciens d&#8217;attribuer des contrats \u00e0 leurs amis. <\/p>\n<p>Je vais faire en sorte que chaque Contrat, m\u00eame les Contrats de Construction sont tous des Ench\u00e8res d&#8217;Offres Ouvertes et d&#8217;avoir 100% de Transparence et Ouvert au Public.<\/p>\n<p>Il y a une Province qui a attribu\u00e9 \u00e0 un Entrepreneur, des Contrats pendant les 65 derni\u00e8res ann\u00e9es pour paver les Routes de Villes et des Routes Provinciales.<\/p>\n<p>Cependant, l&#8217;Entrepreneur ou Contracteur qui a remport\u00e9 le Contrat \u00e9tait l&#8217;Offre la plus \u00e9lev\u00e9e, qui volait de la province et des Canadiens qui travaillent fort et le Contracteur donnait des principaux fonds ill\u00e9gaux aux Politiciens qui leur a attribu\u00e9 les Contrats sur gonfl\u00e9s \u00e0 leurs amis et la Compagnie de Contrat ou l&#8217;Entreprise de Pavage sont membres de les Franc-Ma\u00e7on (Freemasons).<\/p>\n<p>Je ferai en sorte que chaque Politicien au Canada ne sont pas membres des Franc-Ma\u00e7on (Freemasons) ou des Rites \u00c9cossais(Scottish Rites) ou d&#8217;autres Soci\u00e9t\u00e9s Secr\u00e8tes qui ont voler l&#8217;argent d&#8217;imp\u00f4t des contribuables canadiens pour les derni\u00e8res quelques centaines d&#8217;ann\u00e9es.<\/p>\n<p>Je ferai en sorte que chaque offre et chaque contrat seront ouverts et disponible pour tous les contribuables \u00e0 voir.<\/p>\n<p>Je vais aussi cr\u00e9er un nouveau syst\u00e8me au Canada. <\/p>\n<p>Par example, les d\u00e9cisions majeures ne devraient PAS \u00eatre laiss\u00e9s \u00e0 nos Politiciens. <\/p>\n<p>Je crois qu&#8217;il devrait y avoir de Votes \u00c9lectronique sur des Enjeux Majeurs, example, aller en guerre ou en envoyant des milliards de dollars \u00e0 un pays qui ne se soucie pas ou de gaspiller l&#8217;argent des contribuables sur des programmes qui sont inutiles ou de gaspiller l&#8217;argent des contribuables sur les organisations qui ne sont pas pour les gens.<\/p>\n<p>Je crois en un Gouvernement Ouvert Totale et un Gouvernement qui repr\u00e9sente chaque homme, femme et enfant au Canada et un Gouvernement pour les gens du Canada et non contre les gens.<\/p>\n<p>Je crois que les Canadiens devraient payer environ 0,50 par litre d&#8217;essence ($2.00 le gallon).<\/p>\n<p>Ma Vision d&#8217;un Nouveau Canada est d&#8217;enlever certains pouvoirs des Provinces comme ils ont abus\u00e9 de leurs citoyens pour beaucoup trop longtemps.<\/p>\n<p>Example:<\/p>\n<p>Tous les Tribunaux (Cours) au Canada seront contr\u00f4l\u00e9s par le Gouvernement F\u00e9d\u00e9ral et NON par le Gouvernement Provincial ou Gouvernement Municipal.<\/p>\n<p>Nouvelles Lois pour toutes les Provinces ce qui est Une Lois pour tous les Canadiens.<\/p>\n<p>Des Lois plus Strictes contre les Violeurs, Les Agresseurs d&#8217;Enfants, les Kidnappeurs Parental, Violence Conjugale Physique.<\/p>\n<p>Autres Lois S\u00e9v\u00e8res seront pour ceux qui entrent ill\u00e9galement dans les maisons des gens et vole ou dans des entreprises ou dans des automobiles recevront automatiquement une peine de 5 ans pour leur 1re infraction. <\/p>\n<p>De Nouvelles Lois sur la Famille \u00e0 l&#8217;\u00e9chelle Nationale qui sera Une Lois de Famille (One Family Law) pour tous les Canadiens. <\/p>\n<p>Il n&#8217;y aura plus de Garde Exclusive (Sole Custody) donn\u00e9e au Canada.<\/p>\n<p>Toute personne qui prive un parent de l&#8217;acc\u00e8s \u00e0 un enfant recevra 5 ans de prison. (sauf sign\u00e9 par un juge lorsque la s\u00e9curit\u00e9 d&#8217;un enfant est en danger.)<\/p>\n<p>La GRC sera totalement abolie et l&#8217;ensemble de leurs fonds illicites et l&#8217;argent vol\u00e9 sera enlev\u00e9. <\/p>\n<p>Alors que certains pourraient penser que la GRC est en train de faire un excellent travail au Canada, je dis diff\u00e9rente.<\/p>\n<p>Chaque ann\u00e9e, il ya plus de 10,000 enl\u00e8vements parentaux en cours au Canada. 99,2% de tous les kidnappeurs parentales sont les m\u00e8res. Le Mouvement des Femmes ont pay\u00e9 la GRC de se taire donc la GRC sont coupable d&#8217;entrave \u00e0 la justice pendant des d\u00e9cennies.<\/p>\n<p>La Majorit\u00e9 des Kidnappeurs qui sont m\u00e8res, enl\u00e8vent ou kidnappe leur enfant(s) pour recevoir un ch\u00e8que du bien-\u00eatre gratuit pendant 18 ans \u00e0 la vie ce qui est la v\u00e9rit\u00e9. <\/p>\n<p>Le Mouvement des Femmes sont ill\u00e9galement impliqu\u00e9 dans l&#8217;assistance aux m\u00e8res de kidnapper un enfant. Le Mouvement des Femmes sont ill\u00e9galement impliqu\u00e9s \u00e0 dissimuler ou cacher un enfant et aussi le Mouvement des Femmes sont responsables de l&#8217;obstruction de la justice, for\u00e7ant les m\u00e8res \u00e0 commettre le parjure contre le p\u00e8re.<\/p>\n<p>Le Mouvement des Femmes sont responsables pour le vol de milliards et milliards d&#8217;argent des contribuables de l&#8217;imp\u00f4t chaque ann\u00e9e.<\/p>\n<p>Je vais poursuivre en justice ceux qui sont responsables dans le Mouvement des Femmes.<\/p>\n<p>La Loi est cens\u00e9e prot\u00e9ger les enfants d&#8217;\u00eatre enlev\u00e9s ou kidnapp\u00e9s mais la Loi a \u00e9chou\u00e9 parce que les ex\u00e9cutants de la Loi ne font pas respecter la Loi. La GRC a divis\u00e9 une Loi en deux Lois qui est discriminatoire contre les p\u00e8res. Une Loi pour les m\u00e8res et une autre Loi pour les p\u00e8res.<\/p>\n<p>La Loi stipule clairement que les parents ne peut priver un autre parent de l&#8217;acc\u00e8s \u00e0 un enfant. <\/p>\n<p>Cependant, la GRC pendant des d\u00e9cennies ont dit au p\u00e8re que &#8220;C&#8217;est Une Affaire Civile&#8221; quand la m\u00e8re kidnappe l&#8217;enfant et quand un p\u00e8re kidnappe un enfant alors il y a un mandat d&#8217;arr\u00eat pour le p\u00e8re.<\/p>\n<p>Cela Finira.<\/p>\n<p>La GRC est \u00e9galement responsable de toutes drogues massives au Canada.<\/p>\n<p>En \u00e9liminant la GRC je vais former une Agence de Police Nationale (Nation Wide Police Agency). Tous Polices des Ville et tout Polices Provinciale seront \u00e9galement abolies.<\/p>\n<p>Il n&#8217;y aura qu&#8217;une seule Force de Police Nationale (One Police Force Nation Wide). Ce Nouveau Force de Police servira tous les Canadiens et les Officiers de Police peuvent se d\u00e9placer d&#8217;une province \u00e0 province sans jamais perdre leur anciennet\u00e9 ou de subir toute diminution de leur salaire.<\/p>\n<p>Imaginez un Canada nouveau avec de Nouvelles Perspectives, Nouvelles Vision, un Nouveau Parti Politique, un Nouveau Avenir Meilleur et un Nouveau Premier Ministre qui se soucie de tous les Canadiens et sert chaque individu Canadien.<\/p>\n<p>Imaginez un Canada Meilleur, un Avenir Meilleur au Canada et de Meilleures Lois pour prot\u00e9ger tous les Canadiens et de Meilleures Lois pour poursuivre tous les Politiciens corrompus.<\/p>\n<p>Rejoignez-moi pour former un Nouveau Canada et former un Nouveau Gouvernement Honn\u00eate pour la premi\u00e8re fois dans l&#8217;histoire pour servir tous les Canadiens.<\/p>\n<p>Je suis Anthony Martini, votre Candidat Politique pour Premier Ministre du Canada pour 2019.<\/p>\n","protected":false},"excerpt":{"rendered":"<p>Vous avez vu les mensonges de tous les autres Chefs des Partis Politiques. Vous avez vu notre pays devenir Potville Canada, gr\u00e2ce \u00e0 nos Dirigeants et les Politiciens qui sont eux-m\u00eames des Potheads (fumeurs de marijuana). Vous avez vu nos Dirigeants voler notre avenir et tuer nos emplois. Vous avez vu nos Ressources Naturelles \u00eatre [&hellip;]<\/p>\n","protected":false},"author":1,"featured_media":0,"parent":0,"menu_order":0,"comment_status":"closed","ping_status":"closed","template":"","meta":{"footnotes":""},"class_list":["post-7","page","type-page","status-publish","hentry","post"],"_links":{"self":[{"href":"http:\/\/www.martiniforpm.com\/fr\/wp-json\/wp\/v2\/pages\/7","targetHints":{"allow":["GET"]}}],"collection":[{"href":"http:\/\/www.martiniforpm.com\/fr\/wp-json\/wp\/v2\/pages"}],"about":[{"href":"http:\/\/www.martiniforpm.com\/fr\/wp-json\/wp\/v2\/types\/page"}],"author":[{"embeddable":true,"href":"http:\/\/www.martiniforpm.com\/fr\/wp-json\/wp\/v2\/users\/1"}],"replies":[{"embeddable":true,"href":"http:\/\/www.martiniforpm.com\/fr\/wp-json\/wp\/v2\/comments?post=7"}],"version-history":[{"count":39,"href":"http:\/\/www.martiniforpm.com\/fr\/wp-json\/wp\/v2\/pages\/7\/revisions"}],"predecessor-version":[{"id":46,"href":"http:\/\/www.martiniforpm.com\/fr\/wp-json\/wp\/v2\/pages\/7\/revisions\/46"}],"wp:attachment":[{"href":"http:\/\/www.martiniforpm.com\/fr\/wp-json\/wp\/v2\/media?parent=7"}],"curies":[{"name":"wp","href":"https:\/\/api.w.org\/{rel}","templated":true}]}}